{"id":21386,"date":"2025-03-04T17:28:23","date_gmt":"2025-03-04T17:28:23","guid":{"rendered":"https:\/\/inspectionelite.com\/?page_id=21386"},"modified":"2025-03-04T17:42:06","modified_gmt":"2025-03-04T17:42:06","slug":"politiques-confidentialite","status":"publish","type":"page","link":"https:\/\/inspectionelite.com\/?page_id=21386","title":{"rendered":"Politiques de confidentialit\u00e9"},"content":{"rendered":"\n\n\t<p><strong>Politiques de confidentialit\u00e9<\/strong><\/p>\n<p><strong>Loi sur la protection des renseignements personnels<\/strong><\/p>\nNom du responsable : Yannick Brochu<br \/>\nTitre : Pr\u00e9sident<br \/>\nCourriel : info@Inspectionelite.com\n<p>Inspectionelite.com recueille et utilise les informations personnelles que vous soumettez en ligne comme d\u00e9crit ici. Inspectionelite.com se r\u00e9serve le droit de modifier les termes de cette politique \u00e0 tout moment. Ces modifications entrent en vigueur d\u00e8s leur publication. En continuant \u00e0 utiliser Inspectionelite.com ou en vous y inscrivant, vous acceptez ces conditions. Si vous n&rsquo;acceptez pas les termes de cette politique, en tout ou en partie, vous n&rsquo;\u00eates pas autoris\u00e9 \u00e0 utiliser le site web et vous devez mettre fin \u00e0 votre inscription en suivant les instructions de d\u00e9sinscription.<\/p>\n<p><strong>Collecte d&rsquo;informations<\/strong><\/p>\n<p>Inspectionelite.com ne recueille que les informations personnelles que vous fournissez en r\u00e9ponse \u00e0 des demandes d&rsquo;informations sp\u00e9cifiques sur Inspectionelite.com. Ces informations peuvent comprendre, entre autres, le nom, l&rsquo;adresse, le num\u00e9ro de t\u00e9l\u00e9phone et l&rsquo;adresse \u00e9lectronique. En outre, nous pouvons collecter votre adresse IP et d&rsquo;autres informations par le biais de cookies \u00e9lectroniques. Des tiers utilisent \u00e9galement des cookies, des balises web et des technologies similaires pour collecter ou recevoir des informations sur notre site web et ailleurs sur l&rsquo;internet, et utilisent ces informations pour fournir des services de mesure et pour cibler la publicit\u00e9,<\/p>\n<p><strong>Utilisation des informations<\/strong><\/p>\n<p>En vous inscrivant sur Inspectionelite.com, vous consentez \u00e0 la collecte, au traitement et au transfert de vos informations personnelles conform\u00e9ment \u00e0 la pr\u00e9sente politique. Inspectionelite.com peut utiliser vos informations : (1) dans le but pour lequel elles ont \u00e9t\u00e9 collect\u00e9es, comme indiqu\u00e9 au moment o\u00f9 ces informations nous sont fournies et pour vous contacter au t\u00e9l\u00e9phone, par courriel et par sms; (2) pour prot\u00e9ger les droits ou la propri\u00e9t\u00e9 de Inspectionelite.com et d&rsquo;autres inscrits sur les sites Web de Inspectionelite.com, et (3) comme l&rsquo;exige la loi f\u00e9d\u00e9rale, d&rsquo;\u00e9tat\/provinciale ou locale. Nous pouvons \u00e9galement partager vos informations personnelles avec nos partenaires de confiance, nos annonceurs, nos prestataires de services et d&rsquo;autres tiers qui, selon nous, peuvent vous fournir des informations ou une assistance en rapport avec votre demande initiale en ligne ou avec des offres sp\u00e9ciales et des opportunit\u00e9s suppl\u00e9mentaires. Inspectionelite.com s\u00e9lectionne les tiers avec lesquels il partage des informations personnelles mais ne donne aucune garantie quant \u00e0 l&rsquo;utilisation et \u00e0 la protection de vos informations personnelles, ni quant \u00e0 leur volont\u00e9 ou leur capacit\u00e9 \u00e0 respecter notre politique de confidentialit\u00e9. De plus, Inspectionelite.com n&rsquo;est pas responsable du contenu ou des pratiques de confidentialit\u00e9 des sites Web vers lesquels Inspectionelite.com renvoie.<\/p>\n<p><strong>Conformit\u00e9 au registre des num\u00e9ros de t\u00e9l\u00e9phone exclus<\/strong><\/p>\n<p>En soumettant des informations personnelles et\/ou financi\u00e8res \u00e0 Inspectionelite.com par le biais de son site web, \u00e0 moins que vous ne choisissiez de ne pas recevoir de telles communications, vous accordez par la pr\u00e9sente une autorisation \u00e9crite \u00e0 Inspectionelite.com et \u00e0 ses partenaires commerciaux de vous contacter par t\u00e9l\u00e9phone, par courrier et\/ou par e-mail. De plus, en vous inscrivant sur Inspectionelite.com via ce site web, vous consentez \u00e0 recevoir des appels t\u00e9l\u00e9phoniques de Inspectionelite.com et de ses partenaires commerciaux dans le cadre de la r\u00e9glementation sur l&rsquo;interdiction d&rsquo;appeler et, de ce fait, les personnes inscrites renoncent \u00e0 leur droit de d\u00e9poser une plainte aupr\u00e8s de la FTC ou de toute autre agence en ce qui concerne ces appels ou contacts.<\/p>\n<p><strong>Possibilit\u00e9 de retrait<\/strong><\/p>\n<p>Les personnes inscrites \u00e0 Inspectionelite.com peuvent refuser de recevoir d&rsquo;autres communications par e-mail de Inspectionelite.com \u00e0 tout moment en suivant les instructions de d\u00e9sinscription figurant dans tout e-mail de Inspectionelite.com re\u00e7u par la personne inscrite. Veuillez noter que le fait de vous d\u00e9sabonner de la liste de diffusion de Inspectionelite.com ne vous d\u00e9sabonne pas automatiquement d&rsquo;une liste de diffusion de nos affili\u00e9s, partenaires commerciaux ou autres tiers. Veuillez lire attentivement l&rsquo;e-mail pour savoir de quelle liste vous vous d\u00e9sinscrivez. Vous devez contacter directement nos soci\u00e9t\u00e9s affili\u00e9es, nos partenaires commerciaux ou d&rsquo;autres tiers pour obtenir des instructions d&rsquo;exclusion. Vous pouvez refuser tout autre contact direct de notre part, y compris, mais sans s&rsquo;y limiter, les contacts par t\u00e9l\u00e9phone ou les communications par courrier postal, en envoyant un avis \u00e9crit par courrier \u00e9lectronique \u00e0 info@Inspectionelite.com. Veuillez noter que le traitement de votre demande peut prendre jusqu&rsquo;\u00e0 dix jours. Votre demande de retrait des communications futures ne s&rsquo;applique qu&rsquo;aux communications \u00e9manant directement de Inspectionelite.com.<\/p>\n<p><strong>S\u00e9curit\u00e9<\/strong><\/p>\n<p>Inspectionelite.com surveille r\u00e9guli\u00e8rement son site web et ses bases de donn\u00e9es pour d\u00e9tecter les fraudes, les abus et l&rsquo;utilisation non autoris\u00e9e des informations afin de prot\u00e9ger vos informations personnelles qui sont sous notre contr\u00f4le.<\/p>\n<p><strong>Consentement \u00e0 la TCPA<\/strong><\/p>\n<p>En soumettant un formulaire de demande de devis, vous autorisez les entreprises de r\u00e9novation ou autres \u00e0 vous appeler au num\u00e9ro de t\u00e9l\u00e9phone indiqu\u00e9 pour discuter de votre projet. Vous comprenez que certains d&rsquo;entre eux peuvent utiliser une technologie t\u00e9l\u00e9phonique automatis\u00e9e et que vous n&rsquo;\u00eates en aucun cas tenu d&rsquo;acheter des produits ou des services aupr\u00e8s d&rsquo;eux. C&rsquo;est votre choix.<\/p>\n<p><strong>Affectation<\/strong><\/p>\n<p>Inspectionelite.com peut, \u00e0 sa seule discr\u00e9tion, transf\u00e9rer, vendre ou c\u00e9der vos informations personnelles recueillies sur et par le biais de ce site Web \u00e0 un ou plusieurs tiers, dans le cadre d&rsquo;une vente, d&rsquo;une fusion, d&rsquo;une consolidation, d&rsquo;un changement de contr\u00f4le, d&rsquo;un transfert d&rsquo;actifs substantiels, d&rsquo;une r\u00e9organisation ou d&rsquo;une liquidation de Inspectionelite.com.<\/p>\n<p><strong>Nous contacter<\/strong><\/p>\n<p>Si vous avez des questions concernant le pr\u00e9sent avis de confidentialit\u00e9, ou pour signaler un incident de confidentialit\u00e9, veuillez compl\u00e9ter le formulaire suivant.<\/p>\n<blockquote data-secret=\"VKP9zslCvO\"><p><a href=\"https:\/\/inspectionelite.com\/contactez-nous\/\">Contactez-nous<\/a><\/p><\/blockquote>\n<p><iframe loading=\"lazy\" sandbox=\"allow-scripts\" security=\"restricted\" title=\"&laquo; Contactez-nous &raquo; &#8212; Inspection Elite\" src=\"https:\/\/inspectionelite.com\/contactez-nous\/embed\/#?secret=6of2n0hGtb#?secret=VKP9zslCvO\" data-secret=\"VKP9zslCvO\" width=\"500\" height=\"282\" frameborder=\"0\" marginwidth=\"0\" marginheight=\"0\" scrolling=\"no\"><\/iframe><\/p>\n\t\t\t\t<img loading=\"lazy\" decoding=\"async\" src=\"https:\/\/inspectionelite.com\/wp-content\/uploads\/2023\/02\/phone-call-150x150.png\" alt=\"phone-call\" itemprop=\"image\" height=\"150\" width=\"150\" title=\"phone-call\" onerror=\"this.style.display='none'\"  \/>\n<h2>\n\t\tT\u00c9L\u00c9PHONE\n\t<\/h2>\n\tAppelez-nous<br \/>\n<a href=\"tel:514-919-0203\">(514) 919-0203<\/a>\n\t\t\t\t<img loading=\"lazy\" decoding=\"async\" src=\"https:\/\/inspectionelite.com\/wp-content\/uploads\/2023\/02\/wall-clock-150x150.png\" alt=\"wall-clock\" itemprop=\"image\" height=\"150\" width=\"150\" title=\"wall-clock\" onerror=\"this.style.display='none'\"  \/>\n<h2>\n\t\tHEURES D&rsquo;OUVERTURE\n\t<\/h2>\n\t8:00 am- 5:00 pm<br \/>\nService d&rsquo;inspection 7 jours sur 7\n\t\t\t\t<img loading=\"lazy\" decoding=\"async\" src=\"https:\/\/inspectionelite.com\/wp-content\/uploads\/2023\/02\/location-150x150.png\" alt=\"location\" itemprop=\"image\" height=\"150\" width=\"150\" title=\"location\" onerror=\"this.style.display='none'\"  \/>\n<h2>\n\t\tADRESSE\n\t<\/h2>\n\t1137 rue des hirondelles,<br \/>\nBoucherville, QC J4B5Y8\n\n","protected":false},"excerpt":{"rendered":"<p>Politiques de confidentialit\u00e9 Loi sur la protection des renseignements personnels Nom du responsable : Yannick Brochu Titre : Pr\u00e9sident Courriel : info@Inspectionelite.com Inspectionelite.com recueille et utilise les informations personnelles que vous soumettez en ligne comme d\u00e9crit ici. Inspectionelite.com se r\u00e9serve le droit de modifier les termes de cette politique \u00e0 tout moment. Ces modifications entrent [&hellip;]<\/p>\n","protected":false},"author":1,"featured_media":0,"parent":0,"menu_order":0,"comment_status":"closed","ping_status":"closed","template":"","meta":{"site-sidebar-layout":"no-sidebar","site-content-layout":"page-builder","ast-site-content-layout":"full-width-container","site-content-style":"unboxed","site-sidebar-style":"unboxed","ast-global-header-display":"","ast-banner-title-visibility":"","ast-main-header-display":"","ast-hfb-above-header-display":"","ast-hfb-below-header-display":"","ast-hfb-mobile-header-display":"","site-post-title":"disabled","ast-breadcrumbs-content":"disabled","ast-featured-img":"disabled","footer-sml-layout":"disabled","theme-transparent-header-meta":"default","adv-header-id-meta":"","stick-header-meta":"","header-above-stick-meta":"","header-main-stick-meta":"","header-below-stick-meta":"","astra-migrate-meta-layouts":"set","ast-page-background-enabled":"default","ast-page-background-meta":{"desktop":{"background-color":"var(--ast-global-color-4)","background-image":"","background-repeat":"repeat","background-position":"center center","background-size":"auto","background-attachment":"scroll","background-type":"","background-media":"","overlay-type":"","overlay-color":"","overlay-opacity":"","overlay-gradient":""},"tablet":{"background-color":"","background-image":"","background-repeat":"repeat","background-position":"center center","background-size":"auto","background-attachment":"scroll","background-type":"","background-media":"","overlay-type":"","overlay-color":"","overlay-opacity":"","overlay-gradient":""},"mobile":{"background-color":"","background-image":"","background-repeat":"repeat","background-position":"center center","background-size":"auto","background-attachment":"scroll","background-type":"","background-media":"","overlay-type":"","overlay-color":"","overlay-opacity":"","overlay-gradient":""}},"ast-content-background-meta":{"desktop":{"background-color":"var(--ast-global-color-5)","background-image":"","background-repeat":"repeat","background-position":"center center","background-size":"auto","background-attachment":"scroll","background-type":"","background-media":"","overlay-type":"","overlay-color":"","overlay-opacity":"","overlay-gradient":""},"tablet":{"background-color":"var(--ast-global-color-5)","background-image":"","background-repeat":"repeat","background-position":"center center","background-size":"auto","background-attachment":"scroll","background-type":"","background-media":"","overlay-type":"","overlay-color":"","overlay-opacity":"","overlay-gradient":""},"mobile":{"background-color":"var(--ast-global-color-5)","background-image":"","background-repeat":"repeat","background-position":"center center","background-size":"auto","background-attachment":"scroll","background-type":"","background-media":"","overlay-type":"","overlay-color":"","overlay-opacity":"","overlay-gradient":""}},"footnotes":""},"class_list":["post-21386","page","type-page","status-publish","hentry"],"_links":{"self":[{"href":"https:\/\/inspectionelite.com\/index.php?rest_route=\/wp\/v2\/pages\/21386","targetHints":{"allow":["GET"]}}],"collection":[{"href":"https:\/\/inspectionelite.com\/index.php?rest_route=\/wp\/v2\/pages"}],"about":[{"href":"https:\/\/inspectionelite.com\/index.php?rest_route=\/wp\/v2\/types\/page"}],"author":[{"embeddable":true,"href":"https:\/\/inspectionelite.com\/index.php?rest_route=\/wp\/v2\/users\/1"}],"replies":[{"embeddable":true,"href":"https:\/\/inspectionelite.com\/index.php?rest_route=%2Fwp%2Fv2%2Fcomments&post=21386"}],"version-history":[{"count":0,"href":"https:\/\/inspectionelite.com\/index.php?rest_route=\/wp\/v2\/pages\/21386\/revisions"}],"wp:attachment":[{"href":"https:\/\/inspectionelite.com\/index.php?rest_route=%2Fwp%2Fv2%2Fmedia&parent=21386"}],"curies":[{"name":"wp","href":"https:\/\/api.w.org\/{rel}","templated":true}]}}